{"id":48,"date":"2016-03-16T16:52:32","date_gmt":"2016-03-16T16:52:32","guid":{"rendered":"http:\/\/muestras.manu.cloud\/FIFPY\/?page_id=48"},"modified":"2016-04-07T14:48:05","modified_gmt":"2016-04-07T14:48:05","slug":"quienes-somos-2","status":"publish","type":"page","link":"http:\/\/www.feriasdefranquicias.org\/FIFBO\/quienes-somos-2\/","title":{"rendered":"Quienes Somos?"},"content":{"rendered":"<p><img loading=\"lazy\" class=\"wp-image-187 alignleft\" src=\"http:\/\/muestras.manu.cloud\/FIFBO\/wp-content\/uploads\/2016\/03\/Surplus.jpg\" alt=\"Surplus\" width=\"148\" height=\"148\" srcset=\"http:\/\/www.feriasdefranquicias.org\/FIFBO\/wp-content\/uploads\/2016\/03\/Surplus.jpg 300w, http:\/\/www.feriasdefranquicias.org\/FIFBO\/wp-content\/uploads\/2016\/03\/Surplus-150x150.jpg 150w\" sizes=\"(max-width: 148px) 100vw, 148px\" \/>Desde hace mas de una d\u00e9cada, Surplus Internacional opera como una Consultora enfocada en el desarrollo, crecimiento sustentable y expansi\u00f3n de negocios, brindando a todos sus clientes altos niveles de calidad en los servicios ofrecidos.<\/p>\n<p>En Uruguay, la consultora ha sido pionera en el asesoramiento comercial y profesional sobre el modelo de franquicias, creando su propio programa de desarrollo del modelo -PRODIF-, y marcando consistencia en la divulgaci\u00f3n del concepto que la lleva a alcanzar reconocimientos y posicionamiento como la empresa consultora de franquicias l\u00edder en el pa\u00eds.<\/p>\n<p>Surplus Internacional ha promovido y co-fundado la C\u00e1mara Uruguaya de Franquicias del Uruguay -CUAFRAN-, con el firme objetivo de fortalecer el desarrollo de las franquicias y agrupar a todos los actores del sector.<\/p>\n<p>Lo invitamos a visitar nuestro sitio web: <a href=\"http:\/\/www.surplus.com.uy\/\" target=\"_blank\">www.surplus.com.uy<\/a><\/p>\n","protected":false},"excerpt":{"rendered":"<p>Desde hace mas de una d\u00e9cada, Surplus Internacional opera como una Consultora enfocada en el desarrollo, crecimiento sustentable y expansi\u00f3n de negocios, brindando a todos sus clientes altos niveles de calidad en los servicios ofrecidos. En Uruguay, la consultora ha sido pionera en el asesoramiento comercial y profesional sobre el modelo de franquicias, creando su &hellip; <a href=\"http:\/\/www.feriasdefranquicias.org\/FIFBO\/quienes-somos-2\/\">Continued<\/a><\/p>\n","protected":false},"author":1,"featured_media":0,"parent":0,"menu_order":0,"comment_status":"closed","ping_status":"closed","template":"","meta":[],"_links":{"self":[{"href":"http:\/\/www.feriasdefranquicias.org\/FIFBO\/wp-json\/wp\/v2\/pages\/48"}],"collection":[{"href":"http:\/\/www.feriasdefranquicias.org\/FIFBO\/wp-json\/wp\/v2\/pages"}],"about":[{"href":"http:\/\/www.feriasdefranquicias.org\/FIFBO\/wp-json\/wp\/v2\/types\/page"}],"author":[{"embeddable":true,"href":"http:\/\/www.feriasdefranquicias.org\/FIFBO\/wp-json\/wp\/v2\/users\/1"}],"replies":[{"embeddable":true,"href":"http:\/\/www.feriasdefranquicias.org\/FIFBO\/wp-json\/wp\/v2\/comments?post=48"}],"version-history":[{"count":8,"href":"http:\/\/www.feriasdefranquicias.org\/FIFBO\/wp-json\/wp\/v2\/pages\/48\/revisions"}],"predecessor-version":[{"id":196,"href":"http:\/\/www.feriasdefranquicias.org\/FIFBO\/wp-json\/wp\/v2\/pages\/48\/revisions\/196"}],"wp:attachment":[{"href":"http:\/\/www.feriasdefranquicias.org\/FIFBO\/wp-json\/wp\/v2\/media?parent=48"}],"curies":[{"name":"wp","href":"https:\/\/api.w.org\/{rel}","templated":true}]}}