{"id":44,"date":"2016-03-16T16:51:44","date_gmt":"2016-03-16T16:51:44","guid":{"rendered":"http:\/\/muestras.manu.cloud\/FIFPY\/?page_id=44"},"modified":"2016-04-14T03:58:13","modified_gmt":"2016-04-14T03:58:13","slug":"fexpocruz","status":"publish","type":"page","link":"http:\/\/www.feriasdefranquicias.org\/FIFBO\/fexpocruz\/","title":{"rendered":"Fexpocruz"},"content":{"rendered":"<p>La Feria Exposici\u00f3n de Santa Cruz, FEXPOCRUZ, fue creada en 1962 y pertenece a la C\u00e1mara de Industria, Comercio, Servicios y Turismo de Santa Cruz (CAINCO)y la C\u00e1mara Agropecuaria del Oriente (CAO), quienes visionariamente casi intuyeron el medio ideal para establecer contactos comerciales y econ\u00f3micos entre Bolivia y el mundo.<\/p>\n<p>Considerado actualmente como el primer y m\u00e1s importante centro de negocios de Bolivia, EXPOCRUZ organiza anualmente ferias de diferentes rubros como son: Feria Integral Automotriz (FIACRUZ), Feria Internacional de la Construcci\u00f3n, Arquitectura y Dise\u00f1o (FICAD), Feria Internacional Bosque, Madera y Tecnolog\u00eda (EXPOFOREST), Feria Agropecuaria Internacional (AGROPECRUZ), Feria Integral de la Mujer (MUJER), Feria Internacional de Joyer\u00eda (FIJ), Feria de la Producci\u00f3n Nacional (EXPOMYPE), Feria Internacional de Santa Cruz (EXPOCRUZ), y conjuntamente con CIANCO, organizan la Rueda de Negocios Internacional &#8211; Bolivia.<\/p>\n<p>Hoy, FEXPOCRUZ, es el principal predio ferial de Santa Cruz y Bolivia. Ubicado en una zona favorecida, a 8 minutos del centro de la ciudad y con una extensi\u00f3n de 164.857 m2, cuenta con 21 pabellones de diferentes tama\u00f1os, \u00e1reas externas, amplio parqueo y un sector especialmente dise\u00f1ado para la exposici\u00f3n de ganado vacuno, equino y ovino. Adicional a esto, dentro del predio ferial, se cuenta con un moderno Centro de eventos m\u00faltiples, para atender variedad de acontecimientos.<\/p>\n<p><iframe loading=\"lazy\" style=\"border: 0;\" src=\"https:\/\/www.google.com\/maps\/embed?pb=!1m18!1m12!1m3!1d2879.226431099704!2d-63.21073746614932!3d-17.784071312879373!2m3!1f0!2f0!3f0!3m2!1i1024!2i768!4f13.1!3m3!1m2!1s0x0000000000000000%3A0x0663a8492fe3a781!2sPabell%C3%B3n+Santa+Cruz!5e0!3m2!1ses-419!2sve!4v1460606250348\" width=\"600\" height=\"450\" frameborder=\"0\" allowfullscreen=\"allowfullscreen\"><\/iframe><\/p>\n","protected":false},"excerpt":{"rendered":"<p>La Feria Exposici\u00f3n de Santa Cruz, FEXPOCRUZ, fue creada en 1962 y pertenece a la C\u00e1mara de Industria, Comercio, Servicios y Turismo de Santa Cruz (CAINCO)y la C\u00e1mara Agropecuaria del Oriente (CAO), quienes visionariamente casi intuyeron el medio ideal para establecer contactos comerciales y econ\u00f3micos entre Bolivia y el mundo. Considerado actualmente como el primer &hellip; <a href=\"http:\/\/www.feriasdefranquicias.org\/FIFBO\/fexpocruz\/\">Continued<\/a><\/p>\n","protected":false},"author":1,"featured_media":0,"parent":0,"menu_order":0,"comment_status":"closed","ping_status":"closed","template":"","meta":[],"_links":{"self":[{"href":"http:\/\/www.feriasdefranquicias.org\/FIFBO\/wp-json\/wp\/v2\/pages\/44"}],"collection":[{"href":"http:\/\/www.feriasdefranquicias.org\/FIFBO\/wp-json\/wp\/v2\/pages"}],"about":[{"href":"http:\/\/www.feriasdefranquicias.org\/FIFBO\/wp-json\/wp\/v2\/types\/page"}],"author":[{"embeddable":true,"href":"http:\/\/www.feriasdefranquicias.org\/FIFBO\/wp-json\/wp\/v2\/users\/1"}],"replies":[{"embeddable":true,"href":"http:\/\/www.feriasdefranquicias.org\/FIFBO\/wp-json\/wp\/v2\/comments?post=44"}],"version-history":[{"count":10,"href":"http:\/\/www.feriasdefranquicias.org\/FIFBO\/wp-json\/wp\/v2\/pages\/44\/revisions"}],"predecessor-version":[{"id":253,"href":"http:\/\/www.feriasdefranquicias.org\/FIFBO\/wp-json\/wp\/v2\/pages\/44\/revisions\/253"}],"wp:attachment":[{"href":"http:\/\/www.feriasdefranquicias.org\/FIFBO\/wp-json\/wp\/v2\/media?parent=44"}],"curies":[{"name":"wp","href":"https:\/\/api.w.org\/{rel}","templated":true}]}}