{"id":38,"date":"2016-03-16T16:50:38","date_gmt":"2016-03-16T16:50:38","guid":{"rendered":"http:\/\/muestras.manu.cloud\/FIFPY\/?page_id=38"},"modified":"2018-12-13T13:26:05","modified_gmt":"2018-12-13T13:26:05","slug":"ficha-tecnica","status":"publish","type":"page","link":"http:\/\/www.feriasdefranquicias.org\/FIFBO\/ficha-tecnica\/","title":{"rendered":"Ficha T\u00e9cnica"},"content":{"rendered":"<table class=\"table ficha_tecnica\">\n<tbody>\n<tr>\n<td style=\"background-color: green;\"><strong><span style=\"color: #ffffff;\">Nombre del evento<\/span><\/strong><\/td>\n<td style=\"background-color: silver;\">FIFBO (Feria internacional de Franquicias de Bolivia)<\/td>\n<\/tr>\n<tr>\n<td style=\"background-color: green;\"><strong><span style=\"color: #ffffff;\">Rubro<\/span><\/strong><\/td>\n<td style=\"background-color: silver;\">Franquicias<\/td>\n<\/tr>\n<tr>\n<td style=\"background-color: green;\"><strong><span style=\"color: #ffffff;\">Descripci\u00f3n<\/span><\/strong><\/td>\n<td style=\"background-color: silver;\">Exposici\u00f3n y muestras de conceptos nacionales e internacionales. Ciclo de conferencias<\/td>\n<\/tr>\n<tr>\n<td style=\"background-color: green;\"><strong><span style=\"color: #ffffff;\">A\u00f1o de fundaci\u00f3n<\/span><\/strong><\/td>\n<td style=\"background-color: silver;\">2011<\/td>\n<\/tr>\n<tr>\n<td style=\"background-color: green;\"><strong><span style=\"color: #ffffff;\">Lugar\u00a0del evento<\/span><\/strong><\/td>\n<td style=\"background-color: silver;\">Predio Fexpocruz<\/td>\n<\/tr>\n<tr>\n<td style=\"background-color: green;\"><strong><span style=\"color: #ffffff;\">Ciudad<\/span><\/strong><\/td>\n<td style=\"background-color: silver;\">Santa Cruz<\/td>\n<\/tr>\n<tr>\n<td style=\"background-color: green;\"><strong><span style=\"color: #ffffff;\">Pa\u00eds de origen<\/span><\/strong><\/td>\n<td style=\"background-color: silver;\">Bolivia<\/td>\n<\/tr>\n<tr>\n<td style=\"background-color: green;\"><strong><span style=\"color: #ffffff;\">Fecha del evento<\/span><\/strong><\/td>\n<td style=\"background-color: silver;\">4 y 5 de Septiembre 2019<\/td>\n<\/tr>\n<tr>\n<td style=\"background-color: green;\"><strong><span style=\"color: #ffffff;\">Horario del evento<\/span><\/strong><\/td>\n<td style=\"background-color: silver;\">17:00hs a 23:00hs<\/td>\n<\/tr>\n<tr>\n<td style=\"background-color: green;\"><strong><span style=\"color: #ffffff;\">Sitio web<\/span><\/strong><\/td>\n<td style=\"background-color: silver;\">www.feriasdefranquicias.org\/FIFBO<\/td>\n<\/tr>\n<tr>\n<td style=\"background-color: green;\"><strong><span style=\"color: #ffffff;\">Organizador<\/span><\/strong><\/td>\n<td style=\"background-color: silver;\">SURPLUS Internacional y FEXPOCRUZ<\/td>\n<\/tr>\n<tr>\n<td style=\"background-color: green;\"><strong><span style=\"color: #ffffff;\">Direcci\u00f3n<\/span><\/strong><\/td>\n<td style=\"background-color: silver;\">Av. Roca y Coronado S\/N esq. Tercer Anillo Externo<\/td>\n<\/tr>\n<tr>\n<td style=\"background-color: green;\"><strong><span style=\"color: #ffffff;\">Tel\u00e9fonos<\/span><\/strong><\/td>\n<td style=\"background-color: silver;\">+591 3 3533535<\/td>\n<\/tr>\n<tr>\n<td style=\"background-color: green;\"><strong><span style=\"color: #ffffff;\">E-mail<\/span><\/strong><\/td>\n<td style=\"background-color: silver;\">info@feriadefranquicias.org<\/td>\n<\/tr>\n<\/tbody>\n<\/table>\n","protected":false},"excerpt":{"rendered":"<p>Nombre del evento FIFBO (Feria internacional de Franquicias de Bolivia) Rubro Franquicias Descripci\u00f3n Exposici\u00f3n y muestras de conceptos nacionales e internacionales. Ciclo de conferencias A\u00f1o de fundaci\u00f3n 2011 Lugar\u00a0del evento Predio Fexpocruz Ciudad Santa Cruz Pa\u00eds de origen Bolivia Fecha del evento 4 y 5 de Septiembre 2019 Horario del evento 17:00hs a 23:00hs Sitio &hellip; <a href=\"http:\/\/www.feriasdefranquicias.org\/FIFBO\/ficha-tecnica\/\">Continued<\/a><\/p>\n","protected":false},"author":1,"featured_media":0,"parent":0,"menu_order":0,"comment_status":"closed","ping_status":"closed","template":"","meta":[],"_links":{"self":[{"href":"http:\/\/www.feriasdefranquicias.org\/FIFBO\/wp-json\/wp\/v2\/pages\/38"}],"collection":[{"href":"http:\/\/www.feriasdefranquicias.org\/FIFBO\/wp-json\/wp\/v2\/pages"}],"about":[{"href":"http:\/\/www.feriasdefranquicias.org\/FIFBO\/wp-json\/wp\/v2\/types\/page"}],"author":[{"embeddable":true,"href":"http:\/\/www.feriasdefranquicias.org\/FIFBO\/wp-json\/wp\/v2\/users\/1"}],"replies":[{"embeddable":true,"href":"http:\/\/www.feriasdefranquicias.org\/FIFBO\/wp-json\/wp\/v2\/comments?post=38"}],"version-history":[{"count":25,"href":"http:\/\/www.feriasdefranquicias.org\/FIFBO\/wp-json\/wp\/v2\/pages\/38\/revisions"}],"predecessor-version":[{"id":389,"href":"http:\/\/www.feriasdefranquicias.org\/FIFBO\/wp-json\/wp\/v2\/pages\/38\/revisions\/389"}],"wp:attachment":[{"href":"http:\/\/www.feriasdefranquicias.org\/FIFBO\/wp-json\/wp\/v2\/media?parent=38"}],"curies":[{"name":"wp","href":"https:\/\/api.w.org\/{rel}","templated":true}]}}